{"id":7134,"date":"2022-02-18T13:52:06","date_gmt":"2022-02-18T11:52:06","guid":{"rendered":"https:\/\/booktori.fi\/wordpress\/?page_id=7134"},"modified":"2022-02-28T10:57:41","modified_gmt":"2022-02-28T08:57:41","slug":"tmi-taikaviesti","status":"publish","type":"page","link":"https:\/\/messut.net\/kettu\/tmi-taikaviesti\/","title":{"rendered":"Tmi Taikaviesti"},"content":{"rendered":"\t\t<div data-elementor-type=\"wp-page\" data-elementor-id=\"7134\" class=\"elementor elementor-7134\">\n\t\t\t\t\t\t\t\t\t<section class=\"elementor-section elementor-top-section elementor-element elementor-element-bed5559 elementor-section-boxed elementor-section-height-default elementor-section-height-default\" data-id=\"bed5559\" data-element_type=\"section\">\n\t\t\t\t\t\t<div class=\"elementor-container elementor-column-gap-default\">\n\t\t\t\t\t<div class=\"elementor-column elementor-col-100 elementor-top-column elementor-element elementor-element-716f3a0\" data-id=\"716f3a0\" data-element_type=\"column\">\n\t\t\t<div class=\"elementor-widget-wrap elementor-element-populated\">\n\t\t\t\t\t\t\t\t<div class=\"elementor-element elementor-element-3cad354 elementor-widget elementor-widget-image\" data-id=\"3cad354\" data-element_type=\"widget\" data-widget_type=\"image.default\">\n\t\t\t\t<div class=\"elementor-widget-container\">\n\t\t\t<style>\/*! elementor - v3.6.5 - 27-04-2022 *\/\n.elementor-widget-image{text-align:center}.elementor-widget-image a{display:inline-block}.elementor-widget-image a img[src$=\".svg\"]{width:48px}.elementor-widget-image img{vertical-align:middle;display:inline-block}<\/style>\t\t\t\t\t\t\t\t\t\t\t\t<img loading=\"lazy\" decoding=\"async\" width=\"800\" height=\"800\" src=\"https:\/\/messut.net\/kettu\/wp-content\/uploads\/2022\/02\/20190621_193238-800x-rotated.jpg\" class=\"attachment-full size-full\" alt=\"\" srcset=\"https:\/\/messut.net\/kettu\/wp-content\/uploads\/2022\/02\/20190621_193238-800x-rotated.jpg 800w, https:\/\/messut.net\/kettu\/wp-content\/uploads\/2022\/02\/20190621_193238-800x-300x300.jpg 300w, https:\/\/messut.net\/kettu\/wp-content\/uploads\/2022\/02\/20190621_193238-800x-150x150.jpg 150w, https:\/\/messut.net\/kettu\/wp-content\/uploads\/2022\/02\/20190621_193238-800x-768x768.jpg 768w\" sizes=\"auto, (max-width: 800px) 100vw, 800px\" style=\"width:100%;height:100%;max-width:800px\" \/>\t\t\t\t\t\t\t\t\t\t\t\t\t\t\t<\/div>\n\t\t\t\t<\/div>\n\t\t\t\t<div class=\"elementor-element elementor-element-014a5c2 elementor-widget elementor-widget-heading\" data-id=\"014a5c2\" data-element_type=\"widget\" data-widget_type=\"heading.default\">\n\t\t\t\t<div class=\"elementor-widget-container\">\n\t\t\t<style>\/*! elementor - v3.6.5 - 27-04-2022 *\/\n.elementor-heading-title{padding:0;margin:0;line-height:1}.elementor-widget-heading .elementor-heading-title[class*=elementor-size-]>a{color:inherit;font-size:inherit;line-height:inherit}.elementor-widget-heading .elementor-heading-title.elementor-size-small{font-size:15px}.elementor-widget-heading .elementor-heading-title.elementor-size-medium{font-size:19px}.elementor-widget-heading .elementor-heading-title.elementor-size-large{font-size:29px}.elementor-widget-heading .elementor-heading-title.elementor-size-xl{font-size:39px}.elementor-widget-heading .elementor-heading-title.elementor-size-xxl{font-size:59px}<\/style><h1 class=\"elementor-heading-title elementor-size-default\">Tmi Taika&shy;viesti<\/h1>\t\t<\/div>\n\t\t\t\t<\/div>\n\t\t\t\t<div class=\"elementor-element elementor-element-7ca0dc6 elementor-view-default elementor-widget elementor-widget-icon\" data-id=\"7ca0dc6\" data-element_type=\"widget\" data-widget_type=\"icon.default\">\n\t\t\t\t<div class=\"elementor-widget-container\">\n\t\t\t\t\t<div class=\"elementor-icon-wrapper\">\n\t\t\t<div class=\"elementor-icon\">\n\t\t\t<i aria-hidden=\"true\" class=\"fas fa-circle\"><\/i>\t\t\t<\/div>\n\t\t<\/div>\n\t\t\t\t<\/div>\n\t\t\t\t<\/div>\n\t\t\t\t<div class=\"elementor-element elementor-element-712c43d elementor-widget elementor-widget-heading\" data-id=\"712c43d\" data-element_type=\"widget\" data-widget_type=\"heading.default\">\n\t\t\t\t<div class=\"elementor-widget-container\">\n\t\t\t<h2 class=\"elementor-heading-title elementor-size-default\">Psykologi&shy;palvelut\u200b<\/h2>\t\t<\/div>\n\t\t\t\t<\/div>\n\t\t\t\t<div class=\"elementor-element elementor-element-0b04c84 elementor-widget elementor-widget-heading\" data-id=\"0b04c84\" data-element_type=\"widget\" data-widget_type=\"heading.default\">\n\t\t\t\t<div class=\"elementor-widget-container\">\n\t\t\t<h2 class=\"elementor-heading-title elementor-size-default\">Yksil\u00f6&shy;arvioinnit<\/h2>\t\t<\/div>\n\t\t\t\t<\/div>\n\t\t\t\t<div class=\"elementor-element elementor-element-aaa0003 elementor-widget elementor-widget-heading\" data-id=\"aaa0003\" data-element_type=\"widget\" data-widget_type=\"heading.default\">\n\t\t\t\t<div class=\"elementor-widget-container\">\n\t\t\t<h2 class=\"elementor-heading-title elementor-size-default\">Psykoterapia<\/h2>\t\t<\/div>\n\t\t\t\t<\/div>\n\t\t\t\t<div class=\"elementor-element elementor-element-af849a0 elementor-widget elementor-widget-heading\" data-id=\"af849a0\" data-element_type=\"widget\" data-widget_type=\"heading.default\">\n\t\t\t\t<div class=\"elementor-widget-container\">\n\t\t\t<h2 class=\"elementor-heading-title elementor-size-default\">Et\u00e4terapia\u200b<\/h2>\t\t<\/div>\n\t\t\t\t<\/div>\n\t\t\t\t<div class=\"elementor-element elementor-element-3ed8189 elementor-view-default elementor-widget elementor-widget-icon\" data-id=\"3ed8189\" data-element_type=\"widget\" data-widget_type=\"icon.default\">\n\t\t\t\t<div class=\"elementor-widget-container\">\n\t\t\t\t\t<div class=\"elementor-icon-wrapper\">\n\t\t\t<div class=\"elementor-icon\">\n\t\t\t<i aria-hidden=\"true\" class=\"fas fa-circle\"><\/i>\t\t\t<\/div>\n\t\t<\/div>\n\t\t\t\t<\/div>\n\t\t\t\t<\/div>\n\t\t\t\t<div class=\"elementor-element elementor-element-a9b8649 elementor-widget elementor-widget-heading\" data-id=\"a9b8649\" data-element_type=\"widget\" data-widget_type=\"heading.default\">\n\t\t\t\t<div class=\"elementor-widget-container\">\n\t\t\t<h2 class=\"elementor-heading-title elementor-size-default\">K\u00e4ytett\u00e4vyys<\/h2>\t\t<\/div>\n\t\t\t\t<\/div>\n\t\t\t\t<div class=\"elementor-element elementor-element-b678d94 elementor-widget elementor-widget-heading\" data-id=\"b678d94\" data-element_type=\"widget\" data-widget_type=\"heading.default\">\n\t\t\t\t<div class=\"elementor-widget-container\">\n\t\t\t<h2 class=\"elementor-heading-title elementor-size-default\">Innovaatio&shy;palvelut<\/h2>\t\t<\/div>\n\t\t\t\t<\/div>\n\t\t\t\t<div class=\"elementor-element elementor-element-2b9c4bb elementor-widget elementor-widget-heading\" data-id=\"2b9c4bb\" data-element_type=\"widget\" data-widget_type=\"heading.default\">\n\t\t\t\t<div class=\"elementor-widget-container\">\n\t\t\t<h2 class=\"elementor-heading-title elementor-size-default\">Teknologia ja psykologia<\/h2>\t\t<\/div>\n\t\t\t\t<\/div>\n\t\t\t\t<div class=\"elementor-element elementor-element-06c093b elementor-widget elementor-widget-image\" data-id=\"06c093b\" data-element_type=\"widget\" data-widget_type=\"image.default\">\n\t\t\t\t<div class=\"elementor-widget-container\">\n\t\t\t\t\t\t\t\t\t\t\t\t\t\t\t<img loading=\"lazy\" decoding=\"async\" width=\"250\" height=\"250\" src=\"https:\/\/messut.net\/kettu\/wp-content\/uploads\/2022\/02\/omakuva-250x.png\" class=\"attachment-full size-full\" alt=\"\" srcset=\"https:\/\/messut.net\/kettu\/wp-content\/uploads\/2022\/02\/omakuva-250x.png 250w, https:\/\/messut.net\/kettu\/wp-content\/uploads\/2022\/02\/omakuva-250x-150x150.png 150w\" sizes=\"auto, (max-width: 250px) 100vw, 250px\" style=\"width:100%;height:100%;max-width:250px\" \/>\t\t\t\t\t\t\t\t\t\t\t\t\t\t\t<\/div>\n\t\t\t\t<\/div>\n\t\t\t\t<div class=\"elementor-element elementor-element-b02ad94 elementor-widget elementor-widget-heading\" data-id=\"b02ad94\" data-element_type=\"widget\" data-widget_type=\"heading.default\">\n\t\t\t\t<div class=\"elementor-widget-container\">\n\t\t\t<h2 class=\"elementor-heading-title elementor-size-default\">Juha Toivonen<\/h2>\t\t<\/div>\n\t\t\t\t<\/div>\n\t\t\t\t<div class=\"elementor-element elementor-element-b664deb elementor-widget elementor-widget-heading\" data-id=\"b664deb\" data-element_type=\"widget\" data-widget_type=\"heading.default\">\n\t\t\t\t<div class=\"elementor-widget-container\">\n\t\t\t<h2 class=\"elementor-heading-title elementor-size-default\">PsM, psykologi, innovaattori<\/h2>\t\t<\/div>\n\t\t\t\t<\/div>\n\t\t\t\t<div class=\"elementor-element elementor-element-2735e8a elementor-widget elementor-widget-heading\" data-id=\"2735e8a\" data-element_type=\"widget\" data-widget_type=\"heading.default\">\n\t\t\t\t<div class=\"elementor-widget-container\">\n\t\t\t<h2 class=\"elementor-heading-title elementor-size-default\">Laillistettu psykologi vuodesta 2008<\/h2>\t\t<\/div>\n\t\t\t\t<\/div>\n\t\t\t\t<div class=\"elementor-element elementor-element-55b3ca3 elementor-widget elementor-widget-heading\" data-id=\"55b3ca3\" data-element_type=\"widget\" data-widget_type=\"heading.default\">\n\t\t\t\t<div class=\"elementor-widget-container\">\n\t\t\t<h2 class=\"elementor-heading-title elementor-size-default\">Kognitiviinen psyko&shy;terapeutti vuodesta 2019<\/h2>\t\t<\/div>\n\t\t\t\t<\/div>\n\t\t\t\t<div class=\"elementor-element elementor-element-47bb40e blue-link elementor-widget elementor-widget-text-editor\" data-id=\"47bb40e\" data-element_type=\"widget\" data-widget_type=\"text-editor.default\">\n\t\t\t\t<div class=\"elementor-widget-container\">\n\t\t\t<style>\/*! elementor - v3.6.5 - 27-04-2022 *\/\n.elementor-widget-text-editor.elementor-drop-cap-view-stacked .elementor-drop-cap{background-color:#818a91;color:#fff}.elementor-widget-text-editor.elementor-drop-cap-view-framed .elementor-drop-cap{color:#818a91;border:3px solid;background-color:transparent}.elementor-widget-text-editor:not(.elementor-drop-cap-view-default) .elementor-drop-cap{margin-top:8px}.elementor-widget-text-editor:not(.elementor-drop-cap-view-default) .elementor-drop-cap-letter{width:1em;height:1em}.elementor-widget-text-editor .elementor-drop-cap{float:left;text-align:center;line-height:1;font-size:50px}.elementor-widget-text-editor .elementor-drop-cap-letter{display:inline-block}<\/style>\t\t\t\t<p><a href=\"mailto:Psykoterapia@gmail.com\">Psykoterapia@gmail.com<\/a><\/p>\t\t\t\t\t\t<\/div>\n\t\t\t\t<\/div>\n\t\t\t\t<section class=\"elementor-section elementor-inner-section elementor-element elementor-element-75c6c4e elementor-section-boxed elementor-section-height-default elementor-section-height-default\" data-id=\"75c6c4e\" data-element_type=\"section\">\n\t\t\t\t\t\t<div class=\"elementor-container elementor-column-gap-default\">\n\t\t\t\t\t<div class=\"elementor-column elementor-col-100 elementor-inner-column elementor-element elementor-element-9b674ad\" data-id=\"9b674ad\" data-element_type=\"column\">\n\t\t\t<div class=\"elementor-widget-wrap elementor-element-populated\">\n\t\t\t\t\t\t\t\t<div class=\"elementor-element elementor-element-7687f2d elementor-widget elementor-widget-text-editor\" data-id=\"7687f2d\" data-element_type=\"widget\" data-widget_type=\"text-editor.default\">\n\t\t\t\t<div class=\"elementor-widget-container\">\n\t\t\t\t\t\t\t<p>OTA YHTEYTT\u00c4!<\/p>\t\t\t\t\t\t<\/div>\n\t\t\t\t<\/div>\n\t\t\t\t<div class=\"elementor-element elementor-element-100b63e elementor-widget elementor-widget-text-editor\" data-id=\"100b63e\" data-element_type=\"widget\" data-widget_type=\"text-editor.default\">\n\t\t\t\t<div class=\"elementor-widget-container\">\n\t\t\t\t\t\t\t<div role=\"form\" class=\"wpcf7\" id=\"wpcf7-f7160-o1\" lang=\"en-US\" dir=\"ltr\">\n<div class=\"screen-reader-response\"><p role=\"status\" aria-live=\"polite\" aria-atomic=\"true\"><\/p> <ul><\/ul><\/div>\n<form action=\"\/kettu\/wp-json\/wp\/v2\/pages\/7134#wpcf7-f7160-o1\" method=\"post\" class=\"wpcf7-form init\" novalidate=\"novalidate\" data-status=\"init\">\n<div style=\"display: none;\">\n<input type=\"hidden\" name=\"_wpcf7\" value=\"7160\" \/>\n<input type=\"hidden\" name=\"_wpcf7_version\" value=\"5.5.6\" \/>\n<input type=\"hidden\" name=\"_wpcf7_locale\" value=\"en_US\" \/>\n<input type=\"hidden\" name=\"_wpcf7_unit_tag\" value=\"wpcf7-f7160-o1\" \/>\n<input type=\"hidden\" name=\"_wpcf7_container_post\" value=\"0\" \/>\n<input type=\"hidden\" name=\"_wpcf7_posted_data_hash\" value=\"\" \/>\n<input type=\"hidden\" name=\"_wpcf7_recaptcha_response\" value=\"\" \/>\n<\/div>\n<p><label> Nimi<br \/>\n    <span class=\"wpcf7-form-control-wrap your-name\"><input type=\"text\" name=\"your-name\" value=\"\" size=\"40\" class=\"wpcf7-form-control wpcf7-text wpcf7-validates-as-required input\" aria-required=\"true\" aria-invalid=\"false\" \/><\/span> <\/label><\/p>\n<p><label> S\u00e4hk\u00f6posti<br \/>\n    <span class=\"wpcf7-form-control-wrap your-email\"><input type=\"email\" name=\"your-email\" value=\"\" size=\"40\" class=\"wpcf7-form-control wpcf7-text wpcf7-email wpcf7-validates-as-required wpcf7-validates-as-email input\" aria-required=\"true\" aria-invalid=\"false\" \/><\/span> <\/label><\/p>\n<p><label> Viesti<br \/>\n    <span class=\"wpcf7-form-control-wrap your-message\"><textarea name=\"your-message\" cols=\"35\" rows=\"10\" class=\"wpcf7-form-control wpcf7-textarea\" aria-invalid=\"false\"><\/textarea><\/span> <\/label><\/p>\n<div class=\"submit-button\">\n  <input type=\"submit\" value=\"L\u00e4het\u00e4\" class=\"wpcf7-form-control has-spinner wpcf7-submit\" \/>\n<\/div>\n<div class=\"wpcf7-response-output\" aria-hidden=\"true\"><\/div><\/form><\/div>\t\t\t\t\t\t<\/div>\n\t\t\t\t<\/div>\n\t\t\t\t\t<\/div>\n\t\t<\/div>\n\t\t\t\t\t\t\t<\/div>\n\t\t<\/section>\n\t\t\t\t<div class=\"elementor-element elementor-element-49780fb elementor-widget elementor-widget-text-editor\" data-id=\"49780fb\" data-element_type=\"widget\" data-widget_type=\"text-editor.default\">\n\t\t\t\t<div class=\"elementor-widget-container\">\n\t\t\t\t\t\t\t<p>T\u00e4m\u00e4 sivusto on suojattu reCAPTCHA:lla ja Googlen<\/p><p><a style=\"color: var(--e-global-color-dc446b5);\" href=\"https:\/\/policies.google.com\/privacy\" target=\"_blank\" rel=\"noopener\">tietosuojak\u00e4yt\u00e4nt\u00f6<\/a> ja <a style=\"color: var(--e-global-color-dc446b5);\" href=\"https:\/\/policies.google.com\/terms\" target=\"_blank\" rel=\"noopener\">k\u00e4ytt\u00f6ehdot<\/a> ovat voimassa.<\/p><p>\u00a9 Tmi Taikaviesti, Y: 1844064-5<\/p>\t\t\t\t\t\t<\/div>\n\t\t\t\t<\/div>\n\t\t\t\t<div class=\"elementor-element elementor-element-7763823 elementor-widget elementor-widget-image\" data-id=\"7763823\" data-element_type=\"widget\" data-widget_type=\"image.default\">\n\t\t\t\t<div class=\"elementor-widget-container\">\n\t\t\t\t\t\t\t\t\t\t\t\t\t\t\t<img loading=\"lazy\" decoding=\"async\" width=\"800\" height=\"800\" src=\"https:\/\/messut.net\/kettu\/wp-content\/uploads\/2022\/02\/20190621_191041-800x-rotated.jpg\" class=\"attachment-full size-full\" alt=\"\" srcset=\"https:\/\/messut.net\/kettu\/wp-content\/uploads\/2022\/02\/20190621_191041-800x-rotated.jpg 800w, https:\/\/messut.net\/kettu\/wp-content\/uploads\/2022\/02\/20190621_191041-800x-300x300.jpg 300w, https:\/\/messut.net\/kettu\/wp-content\/uploads\/2022\/02\/20190621_191041-800x-150x150.jpg 150w, https:\/\/messut.net\/kettu\/wp-content\/uploads\/2022\/02\/20190621_191041-800x-768x768.jpg 768w\" sizes=\"auto, (max-width: 800px) 100vw, 800px\" style=\"width:100%;height:100%;max-width:800px\" \/>\t\t\t\t\t\t\t\t\t\t\t\t\t\t\t<\/div>\n\t\t\t\t<\/div>\n\t\t\t\t<div class=\"elementor-element elementor-element-39b9c25 elementor-widget elementor-widget-text-editor\" data-id=\"39b9c25\" data-element_type=\"widget\" data-widget_type=\"text-editor.default\">\n\t\t\t\t<div class=\"elementor-widget-container\">\n\t\t\t\t\t\t\t<p><strong>Tarvitsetko kotisivut?<\/strong><\/p><p><a style=\"color: #095db7;\" href=\"https:\/\/jukkalaitinen.com\/\" target=\"_blank\" rel=\"noopener\">https:\/\/jukkalaitinen.com\/<\/a><\/p>\t\t\t\t\t\t<\/div>\n\t\t\t\t<\/div>\n\t\t\t\t\t<\/div>\n\t\t<\/div>\n\t\t\t\t\t\t\t<\/div>\n\t\t<\/section>\n\t\t\t\t\t\t\t<\/div>\n\t\t","protected":false},"excerpt":{"rendered":"<p>Tmi Taika&shy;viesti Psykologi&shy;palvelut\u200b Yksil\u00f6&shy;arvioinnit Psykoterapia Et\u00e4terapia\u200b K\u00e4ytett\u00e4vyys Innovaatio&shy;palvelut Teknologia ja psykologia Juha Toivonen PsM, psykologi, innovaattori Laillistettu psykologi vuodesta 2008 Kognitiviinen psyko&shy;terapeutti vuodesta 2019 Psykoterapia@gmail.com OTA YHTEYTT\u00c4! T\u00e4m\u00e4 sivusto on suojattu reCAPTCHA:lla ja Googlen tietosuojak\u00e4yt\u00e4nt\u00f6 ja k\u00e4ytt\u00f6ehdot ovat voimassa. \u00a9 Tmi Taikaviesti, Y: 1844064-5 Tarvitsetko kotisivut? https:\/\/jukkalaitinen.com\/<\/p>\n","protected":false},"author":1,"featured_media":0,"parent":0,"menu_order":0,"comment_status":"closed","ping_status":"closed","template":"elementor_canvas","meta":{"footnotes":""},"class_list":["post-7134","page","type-page","status-publish","hentry","entry"],"yoast_head":"<!-- This site is optimized with the Yoast SEO plugin v18.8 - https:\/\/yoast.com\/wordpress\/plugins\/seo\/ -->\n<title>Tmi Taikaviesti - Kettu.net<\/title>\n<meta name=\"robots\" content=\"noindex, follow, max-snippet:-1, max-image-preview:large, max-video-preview:-1\" \/>\n<meta property=\"og:locale\" content=\"en_US\" \/>\n<meta property=\"og:type\" content=\"article\" \/>\n<meta property=\"og:title\" content=\"Tmi Taikaviesti - Kettu.net\" \/>\n<meta property=\"og:description\" content=\"Tmi Taika&shy;viesti Psykologi&shy;palvelut\u200b Yksil\u00f6&shy;arvioinnit Psykoterapia Et\u00e4terapia\u200b K\u00e4ytett\u00e4vyys Innovaatio&shy;palvelut Teknologia ja psykologia Juha Toivonen PsM, psykologi, innovaattori Laillistettu psykologi vuodesta 2008 Kognitiviinen psyko&shy;terapeutti vuodesta 2019 Psykoterapia@gmail.com OTA YHTEYTT\u00c4! T\u00e4m\u00e4 sivusto on suojattu reCAPTCHA:lla ja Googlen tietosuojak\u00e4yt\u00e4nt\u00f6 ja k\u00e4ytt\u00f6ehdot ovat voimassa. \u00a9 Tmi Taikaviesti, Y: 1844064-5 Tarvitsetko kotisivut? https:\/\/jukkalaitinen.com\/\" \/>\n<meta property=\"og:url\" content=\"https:\/\/messut.net\/kettu\/tmi-taikaviesti\/\" \/>\n<meta property=\"og:site_name\" content=\"Kettu.net\" \/>\n<meta property=\"article:modified_time\" content=\"2022-02-28T08:57:41+00:00\" \/>\n<meta property=\"og:image\" content=\"https:\/\/booktori.fi\/wordpress\/wp-content\/uploads\/2022\/02\/20190621_193238-800x-rotated.jpg\" \/>\n<meta name=\"twitter:card\" content=\"summary_large_image\" \/>\n<meta name=\"twitter:label1\" content=\"Est. reading time\" \/>\n\t<meta name=\"twitter:data1\" content=\"1 minute\" \/>\n<script type=\"application\/ld+json\" class=\"yoast-schema-graph\">{\"@context\":\"https:\/\/schema.org\",\"@graph\":[{\"@type\":\"WebSite\",\"@id\":\"https:\/\/messut.net\/kettu\/#website\",\"url\":\"https:\/\/messut.net\/kettu\/\",\"name\":\"Kettu.net\",\"description\":\"\",\"potentialAction\":[{\"@type\":\"SearchAction\",\"target\":{\"@type\":\"EntryPoint\",\"urlTemplate\":\"https:\/\/messut.net\/kettu\/?s={search_term_string}\"},\"query-input\":\"required name=search_term_string\"}],\"inLanguage\":\"en-US\"},{\"@type\":\"ImageObject\",\"inLanguage\":\"en-US\",\"@id\":\"https:\/\/messut.net\/kettu\/tmi-taikaviesti\/#primaryimage\",\"url\":\"https:\/\/booktori.fi\/wordpress\/wp-content\/uploads\/2022\/02\/20190621_193238-800x-rotated.jpg\",\"contentUrl\":\"https:\/\/booktori.fi\/wordpress\/wp-content\/uploads\/2022\/02\/20190621_193238-800x-rotated.jpg\"},{\"@type\":\"WebPage\",\"@id\":\"https:\/\/messut.net\/kettu\/tmi-taikaviesti\/#webpage\",\"url\":\"https:\/\/messut.net\/kettu\/tmi-taikaviesti\/\",\"name\":\"Tmi Taikaviesti - Kettu.net\",\"isPartOf\":{\"@id\":\"https:\/\/messut.net\/kettu\/#website\"},\"primaryImageOfPage\":{\"@id\":\"https:\/\/messut.net\/kettu\/tmi-taikaviesti\/#primaryimage\"},\"datePublished\":\"2022-02-18T11:52:06+00:00\",\"dateModified\":\"2022-02-28T08:57:41+00:00\",\"breadcrumb\":{\"@id\":\"https:\/\/messut.net\/kettu\/tmi-taikaviesti\/#breadcrumb\"},\"inLanguage\":\"en-US\",\"potentialAction\":[{\"@type\":\"ReadAction\",\"target\":[\"https:\/\/messut.net\/kettu\/tmi-taikaviesti\/\"]}]},{\"@type\":\"BreadcrumbList\",\"@id\":\"https:\/\/messut.net\/kettu\/tmi-taikaviesti\/#breadcrumb\",\"itemListElement\":[{\"@type\":\"ListItem\",\"position\":1,\"name\":\"Home\",\"item\":\"https:\/\/messut.net\/kettu\/\"},{\"@type\":\"ListItem\",\"position\":2,\"name\":\"Tmi Taikaviesti\"}]}]}<\/script>\n<!-- \/ Yoast SEO plugin. -->","yoast_head_json":{"title":"Tmi Taikaviesti - Kettu.net","robots":{"index":"noindex","follow":"follow","max-snippet":"max-snippet:-1","max-image-preview":"max-image-preview:large","max-video-preview":"max-video-preview:-1"},"og_locale":"en_US","og_type":"article","og_title":"Tmi Taikaviesti - Kettu.net","og_description":"Tmi Taika&shy;viesti Psykologi&shy;palvelut\u200b Yksil\u00f6&shy;arvioinnit Psykoterapia Et\u00e4terapia\u200b K\u00e4ytett\u00e4vyys Innovaatio&shy;palvelut Teknologia ja psykologia Juha Toivonen PsM, psykologi, innovaattori Laillistettu psykologi vuodesta 2008 Kognitiviinen psyko&shy;terapeutti vuodesta 2019 Psykoterapia@gmail.com OTA YHTEYTT\u00c4! T\u00e4m\u00e4 sivusto on suojattu reCAPTCHA:lla ja Googlen tietosuojak\u00e4yt\u00e4nt\u00f6 ja k\u00e4ytt\u00f6ehdot ovat voimassa. \u00a9 Tmi Taikaviesti, Y: 1844064-5 Tarvitsetko kotisivut? https:\/\/jukkalaitinen.com\/","og_url":"https:\/\/messut.net\/kettu\/tmi-taikaviesti\/","og_site_name":"Kettu.net","article_modified_time":"2022-02-28T08:57:41+00:00","og_image":[{"url":"https:\/\/booktori.fi\/wordpress\/wp-content\/uploads\/2022\/02\/20190621_193238-800x-rotated.jpg"}],"twitter_card":"summary_large_image","twitter_misc":{"Est. reading time":"1 minute"},"schema":{"@context":"https:\/\/schema.org","@graph":[{"@type":"WebSite","@id":"https:\/\/messut.net\/kettu\/#website","url":"https:\/\/messut.net\/kettu\/","name":"Kettu.net","description":"","potentialAction":[{"@type":"SearchAction","target":{"@type":"EntryPoint","urlTemplate":"https:\/\/messut.net\/kettu\/?s={search_term_string}"},"query-input":"required name=search_term_string"}],"inLanguage":"en-US"},{"@type":"ImageObject","inLanguage":"en-US","@id":"https:\/\/messut.net\/kettu\/tmi-taikaviesti\/#primaryimage","url":"https:\/\/booktori.fi\/wordpress\/wp-content\/uploads\/2022\/02\/20190621_193238-800x-rotated.jpg","contentUrl":"https:\/\/booktori.fi\/wordpress\/wp-content\/uploads\/2022\/02\/20190621_193238-800x-rotated.jpg"},{"@type":"WebPage","@id":"https:\/\/messut.net\/kettu\/tmi-taikaviesti\/#webpage","url":"https:\/\/messut.net\/kettu\/tmi-taikaviesti\/","name":"Tmi Taikaviesti - Kettu.net","isPartOf":{"@id":"https:\/\/messut.net\/kettu\/#website"},"primaryImageOfPage":{"@id":"https:\/\/messut.net\/kettu\/tmi-taikaviesti\/#primaryimage"},"datePublished":"2022-02-18T11:52:06+00:00","dateModified":"2022-02-28T08:57:41+00:00","breadcrumb":{"@id":"https:\/\/messut.net\/kettu\/tmi-taikaviesti\/#breadcrumb"},"inLanguage":"en-US","potentialAction":[{"@type":"ReadAction","target":["https:\/\/messut.net\/kettu\/tmi-taikaviesti\/"]}]},{"@type":"BreadcrumbList","@id":"https:\/\/messut.net\/kettu\/tmi-taikaviesti\/#breadcrumb","itemListElement":[{"@type":"ListItem","position":1,"name":"Home","item":"https:\/\/messut.net\/kettu\/"},{"@type":"ListItem","position":2,"name":"Tmi Taikaviesti"}]}]}},"_links":{"self":[{"href":"https:\/\/messut.net\/kettu\/wp-json\/wp\/v2\/pages\/7134","targetHints":{"allow":["GET"]}}],"collection":[{"href":"https:\/\/messut.net\/kettu\/wp-json\/wp\/v2\/pages"}],"about":[{"href":"https:\/\/messut.net\/kettu\/wp-json\/wp\/v2\/types\/page"}],"author":[{"embeddable":true,"href":"https:\/\/messut.net\/kettu\/wp-json\/wp\/v2\/users\/1"}],"replies":[{"embeddable":true,"href":"https:\/\/messut.net\/kettu\/wp-json\/wp\/v2\/comments?post=7134"}],"version-history":[{"count":88,"href":"https:\/\/messut.net\/kettu\/wp-json\/wp\/v2\/pages\/7134\/revisions"}],"predecessor-version":[{"id":7383,"href":"https:\/\/messut.net\/kettu\/wp-json\/wp\/v2\/pages\/7134\/revisions\/7383"}],"wp:attachment":[{"href":"https:\/\/messut.net\/kettu\/wp-json\/wp\/v2\/media?parent=7134"}],"curies":[{"name":"wp","href":"https:\/\/api.w.org\/{rel}","templated":true}]}}