{"id":7124,"date":"2022-02-18T13:36:35","date_gmt":"2022-02-18T11:36:35","guid":{"rendered":"https:\/\/booktori.fi\/wordpress\/?page_id=7124"},"modified":"2022-03-16T22:05:35","modified_gmt":"2022-03-16T20:05:35","slug":"kekseliaan-ketun-tarina","status":"publish","type":"page","link":"https:\/\/messut.net\/kettu\/kekseliaan-ketun-tarina\/","title":{"rendered":"Kekseli\u00e4\u00e4n Ketun tarina"},"content":{"rendered":"\t\t<div data-elementor-type=\"wp-page\" data-elementor-id=\"7124\" class=\"elementor elementor-7124\">\n\t\t\t\t\t\t\t\t\t<section class=\"elementor-section elementor-top-section elementor-element elementor-element-3487172b elementor-section-boxed elementor-section-height-default elementor-section-height-default\" data-id=\"3487172b\" data-element_type=\"section\">\n\t\t\t\t\t\t<div class=\"elementor-container elementor-column-gap-default\">\n\t\t\t\t\t<div class=\"elementor-column elementor-col-100 elementor-top-column elementor-element elementor-element-3926ab9c\" data-id=\"3926ab9c\" data-element_type=\"column\" data-settings=\"{&quot;background_background&quot;:&quot;classic&quot;}\">\n\t\t\t<div class=\"elementor-widget-wrap elementor-element-populated\">\n\t\t\t\t\t\t\t\t<div class=\"elementor-element elementor-element-7b2d2315 elementor-widget elementor-widget-heading\" data-id=\"7b2d2315\" data-element_type=\"widget\" data-widget_type=\"heading.default\">\n\t\t\t\t<div class=\"elementor-widget-container\">\n\t\t\t<style>\/*! elementor - v3.6.5 - 27-04-2022 *\/\n.elementor-heading-title{padding:0;margin:0;line-height:1}.elementor-widget-heading .elementor-heading-title[class*=elementor-size-]>a{color:inherit;font-size:inherit;line-height:inherit}.elementor-widget-heading .elementor-heading-title.elementor-size-small{font-size:15px}.elementor-widget-heading .elementor-heading-title.elementor-size-medium{font-size:19px}.elementor-widget-heading .elementor-heading-title.elementor-size-large{font-size:29px}.elementor-widget-heading .elementor-heading-title.elementor-size-xl{font-size:39px}.elementor-widget-heading .elementor-heading-title.elementor-size-xxl{font-size:59px}<\/style><h1 class=\"elementor-heading-title elementor-size-default\">Kekseli\u00e4\u00e4n Ketun<\/h1>\t\t<\/div>\n\t\t\t\t<\/div>\n\t\t\t\t<div class=\"elementor-element elementor-element-31a0290c elementor-widget elementor-widget-heading\" data-id=\"31a0290c\" data-element_type=\"widget\" data-widget_type=\"heading.default\">\n\t\t\t\t<div class=\"elementor-widget-container\">\n\t\t\t<h2 class=\"elementor-heading-title elementor-size-default\">tarina<\/h2>\t\t<\/div>\n\t\t\t\t<\/div>\n\t\t\t\t<div class=\"elementor-element elementor-element-5779e8f7 elementor-widget elementor-widget-image\" data-id=\"5779e8f7\" data-element_type=\"widget\" data-settings=\"{&quot;_animation&quot;:&quot;none&quot;}\" data-widget_type=\"image.default\">\n\t\t\t\t<div class=\"elementor-widget-container\">\n\t\t\t<style>\/*! elementor - v3.6.5 - 27-04-2022 *\/\n.elementor-widget-image{text-align:center}.elementor-widget-image a{display:inline-block}.elementor-widget-image a img[src$=\".svg\"]{width:48px}.elementor-widget-image img{vertical-align:middle;display:inline-block}<\/style>\t\t\t\t\t\t\t\t\t\t\t\t<img loading=\"lazy\" decoding=\"async\" width=\"400\" height=\"400\" src=\"https:\/\/messut.net\/kettu\/wp-content\/uploads\/2022\/02\/IMG_1834-400x.jpg\" class=\"attachment-full size-full\" alt=\"\" srcset=\"https:\/\/messut.net\/kettu\/wp-content\/uploads\/2022\/02\/IMG_1834-400x.jpg 400w, https:\/\/messut.net\/kettu\/wp-content\/uploads\/2022\/02\/IMG_1834-400x-300x300.jpg 300w, https:\/\/messut.net\/kettu\/wp-content\/uploads\/2022\/02\/IMG_1834-400x-150x150.jpg 150w\" sizes=\"auto, (max-width: 400px) 100vw, 400px\" style=\"width:100%;height:100%;max-width:400px\" \/>\t\t\t\t\t\t\t\t\t\t\t\t\t\t\t<\/div>\n\t\t\t\t<\/div>\n\t\t\t\t<div class=\"elementor-element elementor-element-652f43ec elementor-widget elementor-widget-text-editor\" data-id=\"652f43ec\" data-element_type=\"widget\" data-widget_type=\"text-editor.default\">\n\t\t\t\t<div class=\"elementor-widget-container\">\n\t\t\t<style>\/*! elementor - v3.6.5 - 27-04-2022 *\/\n.elementor-widget-text-editor.elementor-drop-cap-view-stacked .elementor-drop-cap{background-color:#818a91;color:#fff}.elementor-widget-text-editor.elementor-drop-cap-view-framed .elementor-drop-cap{color:#818a91;border:3px solid;background-color:transparent}.elementor-widget-text-editor:not(.elementor-drop-cap-view-default) .elementor-drop-cap{margin-top:8px}.elementor-widget-text-editor:not(.elementor-drop-cap-view-default) .elementor-drop-cap-letter{width:1em;height:1em}.elementor-widget-text-editor .elementor-drop-cap{float:left;text-align:center;line-height:1;font-size:50px}.elementor-widget-text-editor .elementor-drop-cap-letter{display:inline-block}<\/style>\t\t\t\t<p>Mist\u00e4 ihmeest\u00e4 firmalle nimi? Se oli polttava kysymys loppukes\u00e4st\u00e4 2003, kun oli pakko perustaa firma. Nimenomaan pakko, sill\u00e4 syyskuun alusta tuona vuonna tulivat vapaaseen jakoon internetin suomalaiset fi-tunnukset, mutta ainoastaan yrityksille. N\u00e4ihin elektronisiin arpajaisiin oli vahva halu osallistua ja siksi oli \u201dpakko\u201d perustaa firma. Toki ajatus oli muutenkin ollut jo pitk\u00e4\u00e4n mieless\u00e4, mutta viimeinen nyk\u00e4ys tuli n\u00e4in. Kirjat olivat keskeinen myyt\u00e4v\u00e4 tuote alkuvaiheessa, mutta nimi ei saanut olla liian leimaavakaan, sill\u00e4 tulevaisuudessa oli ajatus tehd\u00e4 muutakin, kuten vaikkapa psykologi- ja IT-palveluja. Sitten se vain yhten\u00e4 p\u00e4iv\u00e4n\u00e4 v\u00e4l\u00e4hti.<\/p>\t\t\t\t\t\t<\/div>\n\t\t\t\t<\/div>\n\t\t\t\t<div class=\"elementor-element elementor-element-5db4b36 elementor-widget elementor-widget-text-editor\" data-id=\"5db4b36\" data-element_type=\"widget\" data-widget_type=\"text-editor.default\">\n\t\t\t\t<div class=\"elementor-widget-container\">\n\t\t\t\t\t\t\t<p>Nimi kyll\u00e4 mietitytti ja mietitytt\u00e4\u00e4 joskus viel\u00e4kin. Se on melko uskalias ja ehk\u00e4 altis ivallisillekin kommenteille. Mutta nimest\u00e4 on voinut olla my\u00f6s ylpe\u00e4 ja onhan se sopivasti nykytrendienkin mukainen, erottuva ja mieleenj\u00e4\u00e4v\u00e4. Olemme olleet vain kerran myym\u00e4ss\u00e4 Helsingin kirjamessuilla, pienen pienell\u00e4 osastolla, mutta hauskan nimen avulla p\u00e4\u00e4simme kertomaan messutunnelmista valtakunnan radioon. Siit\u00e4 seurasi kyll\u00e4 valitettavasti yksi tyls\u00e4 muisto my\u00f6hemmin, mutta yritt\u00e4j\u00e4n el\u00e4m\u00e4ss\u00e4 on v\u00e4lill\u00e4 pient\u00e4 draamaakin. Vastapainona ovat onneksi olleet lukuisat positiiviset palautteet ja ostokset teilt\u00e4 asiakkailta!<\/p>\t\t\t\t\t\t<\/div>\n\t\t\t\t<\/div>\n\t\t\t\t<div class=\"elementor-element elementor-element-8bf3c00 elementor-widget elementor-widget-text-editor\" data-id=\"8bf3c00\" data-element_type=\"widget\" data-widget_type=\"text-editor.default\">\n\t\t\t\t<div class=\"elementor-widget-container\">\n\t\t\t\t\t\t\t<p>Nimi on per\u00e4isin Roald Dahlin samannimisest\u00e4 lastenkirjasta. Se oli pienen\u00e4 se iso pieni kirja, jota vanhempien piti lukea yh\u00e4 uudelleen ja uudelleen, yht\u00e4\u00e4n sivua unohtamatta. Lapsuuden lempikirjan kautta siis luontevasti nimi firmalle ja sopii nimeksi hyvin, tarkoitus on olla kekseli\u00e4s ja hitusen ovelakin. Kekseli\u00e4s Kettu on sittemmin vuosien saatossa osallistunut moniin erilaisiin vanhan kirjallisuuden tapahtumiin, mutta 2020-luvulle tultaessa en\u00e4\u00e4 niihin, miss\u00e4 se on itse ollut mukana j\u00e4rjestelyiss\u00e4. Kirjojen myyminen on ylip\u00e4\u00e4t\u00e4\u00e4n j\u00e4\u00e4m\u00e4ss\u00e4 hiljalleen sivurooliin, hyvin t\u00e4rke\u00e4\u00e4n sellaiseen kuitenkin. Antikvariaatti.netiss\u00e4 olemme olleet my\u00f6s l\u00e4hes sen alkuajoista asti ja edelleenkin aktiivisesti. Kauppapaikan alkuper\u00e4isen kehitt\u00e4j\u00e4n ja omistajan kanssa tuli vuosien mittaan tehty\u00e4 paljonkin yhteisty\u00f6t\u00e4, kaikkinen mausteineen, mutta valitettavasti sit\u00e4 aikaa voi en\u00e4\u00e4 vain muistella. Yhteisty\u00f6kumppanin menehdytty\u00e4 on ollut velvollisuus olla osana ty\u00f6ryhm\u00e4\u00e4, joka edelleen j\u00e4rjest\u00e4\u00e4 h\u00e4nen my\u00f6skin ideoimaansa Booktoria. Booktori-tapahtuma on viel\u00e4 pari vuotta Kekseli\u00e4st\u00e4 Kettuakin vanhempi eli se j\u00e4rjestettiin ensimm\u00e4isen kerran vuonna 2001 Puutorilla. Nykyisin se j\u00e4rjestet\u00e4\u00e4n Aurajoen rannalla Turussa l\u00e4hell\u00e4 h\u00f6yrylaivojen l\u00e4ht\u00f6satamaa.<\/p>\t\t\t\t\t\t<\/div>\n\t\t\t\t<\/div>\n\t\t\t\t<div class=\"elementor-element elementor-element-472684e elementor-widget elementor-widget-text-editor\" data-id=\"472684e\" data-element_type=\"widget\" data-widget_type=\"text-editor.default\">\n\t\t\t\t<div class=\"elementor-widget-container\">\n\t\t\t\t\t\t\t<p>Kirjojen myyminen on todella mielek\u00e4st\u00e4 puuhaa. Ihmisi\u00e4 on ilo palvella ja on mukavaa n\u00e4hd\u00e4 hymyj\u00e4 kasvoilla hyvien ostosten j\u00e4lkeen. Pakko ei ole silti hymyill\u00e4, meille voi vakavillakin mielin tulla hieromaan kauppoja. Kirjojen myyminen on jopa niin kivaa, ett\u00e4 sit\u00e4 voisi todella tehd\u00e4 p\u00e4\u00e4ty\u00f6kseenkin, mutta Kekseli\u00e4\u00e4n Ketun toiminta on aina ollut sivutoimista, jotain hauskan harrastustoiminnan ja ty\u00f6n v\u00e4limaastoa. Vaikka itse kirjojen roudaaminen on kyll\u00e4 totisinta ty\u00f6t\u00e4, mit\u00e4 on olemassa! Kilpailu ja ajat ovat kuitenkin nyky\u00e4\u00e4n kovat, oikein mitoitettuna silti viel\u00e4 p\u00e4rj\u00e4t\u00e4\u00e4n. Ja tilalle innovoidaan uutta. Psykologi- ja psykoterapiapalvelut ovat jatkossa yh\u00e4 t\u00e4rke\u00e4mpi osa liiketoimintaa. Sit\u00e4 varten ja v\u00e4h\u00e4n muuhunkin hankittiin aikanaan my\u00f6s aputoiminimi Taikaviesti, joka tuntui sopivan sekin moneen tarkoitukseen.<\/p>\t\t\t\t\t\t<\/div>\n\t\t\t\t<\/div>\n\t\t\t\t<div class=\"elementor-element elementor-element-dd3ecec elementor-widget elementor-widget-text-editor\" data-id=\"dd3ecec\" data-element_type=\"widget\" data-widget_type=\"text-editor.default\">\n\t\t\t\t<div class=\"elementor-widget-container\">\n\t\t\t\t\t\t\t<p>Nimi velvoittaa. Jossain vaiheessa Kekseli\u00e4\u00e4n Ketun toiminta laajeni my\u00f6s innovaatiokilpailuihin. Yksi ensimm\u00e4isist\u00e4 oli Uutisraivaaja-kilpailuun osallistuminen 2013 alun tienoilla ja tuolloin onni potkaisi kilpailun toiselle kierrokselle. Siell\u00e4 ei en\u00e4\u00e4 menestyst\u00e4 herunut, mutta kipin\u00e4 j\u00e4i kytem\u00e4\u00e4n. Vuosien mittaan osallistumisia tuli harvakseltaan lis\u00e4\u00e4, menestyst\u00e4 sen sijaan ei, mutta vuosien 2020-2021 taitteessa tuli tilaisuus, josta oli positiivisesti j\u00e4nnittynyt olo ihan eri tavalla jo etuk\u00e4teen. Lopulta Turun Py\u00f6r\u00e4messut -konsepti oli yksi Turun kaupungin j\u00e4rjest\u00e4m\u00e4n Sytyt\u00e4 Turku -ideakilpailun voittajista ja t\u00e4m\u00e4 avasi aivan uudenlaisen lehden yritystoimintaan, tai pikemminkin aivan uuden yrityksen. Turun Py\u00f6r\u00e4messut Oy sai alkunsa tuosta kilpailuvoitosta ja edess\u00e4 on uuden yritystarinan synty. Mutta Kekseli\u00e4\u00e4n Ketun ja Taikaviestin tarinatkin jatkuvat edelleen. Bisneksess\u00e4 ja yritt\u00e4misess\u00e4 ollaan mukana koko persoonalla, kuten on ehk\u00e4 k\u00e4ynyt ilmi. N\u00e4iden firmojen ainut tarkoitus ei ole takoa rahaa. Takominenkin on toki t\u00e4rke\u00e4\u00e4, mutta yritt\u00e4jyyteen voi liitty\u00e4 niin paljon muutakin.<\/p>\t\t\t\t\t\t<\/div>\n\t\t\t\t<\/div>\n\t\t\t\t<div class=\"elementor-element elementor-element-6fd121c elementor-widget elementor-widget-text-editor\" data-id=\"6fd121c\" data-element_type=\"widget\" data-widget_type=\"text-editor.default\">\n\t\t\t\t<div class=\"elementor-widget-container\">\n\t\t\t\t\t\t\t<p>Kiitos, ett\u00e4 jaksoit lukea t\u00e4nne loppuun asti. Toivottavasti her\u00e4si ajatuksia ja ehk\u00e4 inspiraatiotakin. Tervetuloa my\u00f6s ostoksille, ehk\u00e4 t\u00f6ihinkin tai yhteisty\u00f6kumppaniksi ja samalla yhdeksi osaksi Kekseli\u00e4\u00e4n Ketun tulevaisuuden tarinaa!<\/p>\t\t\t\t\t\t<\/div>\n\t\t\t\t<\/div>\n\t\t\t\t<div class=\"elementor-element elementor-element-9b607d9 elementor-widget elementor-widget-image\" data-id=\"9b607d9\" data-element_type=\"widget\" data-widget_type=\"image.default\">\n\t\t\t\t<div class=\"elementor-widget-container\">\n\t\t\t\t\t\t\t\t\t\t\t\t\t\t\t<img loading=\"lazy\" decoding=\"async\" width=\"72\" height=\"72\" src=\"https:\/\/messut.net\/kettu\/wp-content\/uploads\/2022\/02\/1f98a.png\" class=\"attachment-large size-large\" alt=\"\" style=\"width:100%;height:100%;max-width:72px\" \/>\t\t\t\t\t\t\t\t\t\t\t\t\t\t\t<\/div>\n\t\t\t\t<\/div>\n\t\t\t\t<div class=\"elementor-element elementor-element-24a13013 elementor-widget elementor-widget-text-editor\" data-id=\"24a13013\" data-element_type=\"widget\" data-widget_type=\"text-editor.default\">\n\t\t\t\t<div class=\"elementor-widget-container\">\n\t\t\t\t\t\t\t<p><strong>Tmi Kekseli\u00e4s Kettu<\/strong><\/p>\t\t\t\t\t\t<\/div>\n\t\t\t\t<\/div>\n\t\t\t\t<div class=\"elementor-element elementor-element-7ee230b2 elementor-widget elementor-widget-text-editor\" data-id=\"7ee230b2\" data-element_type=\"widget\" data-widget_type=\"text-editor.default\">\n\t\t\t\t<div class=\"elementor-widget-container\">\n\t\t\t\t\t\t\t<p><a href=\"mailto:Kettu@kettu.net\"><strong class=\"green\">Kettu@kettu.net<\/strong><\/a><\/p>\t\t\t\t\t\t<\/div>\n\t\t\t\t<\/div>\n\t\t\t\t<div class=\"elementor-element elementor-element-597ec31 elementor-widget elementor-widget-heading\" data-id=\"597ec31\" data-element_type=\"widget\" data-widget_type=\"heading.default\">\n\t\t\t\t<div class=\"elementor-widget-container\">\n\t\t\t<h2 class=\"elementor-heading-title elementor-size-default\"><a href=\"\/kettu\/\">Palaa takaisin<\/a><\/h2>\t\t<\/div>\n\t\t\t\t<\/div>\n\t\t\t\t\t<\/div>\n\t\t<\/div>\n\t\t\t\t\t\t\t<\/div>\n\t\t<\/section>\n\t\t\t\t\t\t\t<\/div>\n\t\t","protected":false},"excerpt":{"rendered":"<p>Kekseli\u00e4\u00e4n Ketun tarina Mist\u00e4 ihmeest\u00e4 firmalle nimi? Se oli polttava kysymys loppukes\u00e4st\u00e4 2003, kun oli pakko perustaa firma. Nimenomaan pakko, sill\u00e4 syyskuun alusta tuona vuonna tulivat vapaaseen jakoon internetin suomalaiset fi-tunnukset, mutta ainoastaan yrityksille. N\u00e4ihin elektronisiin arpajaisiin oli vahva halu osallistua ja siksi oli \u201dpakko\u201d perustaa firma. Toki ajatus oli muutenkin ollut jo pitk\u00e4\u00e4n mieless\u00e4,&hellip; <a class=\"more-link\" href=\"https:\/\/messut.net\/kettu\/kekseliaan-ketun-tarina\/\">Continue reading <span class=\"screen-reader-text\">Kekseli\u00e4\u00e4n Ketun tarina<\/span><\/a><\/p>\n","protected":false},"author":1,"featured_media":0,"parent":0,"menu_order":0,"comment_status":"closed","ping_status":"closed","template":"elementor_canvas","meta":{"footnotes":""},"class_list":["post-7124","page","type-page","status-publish","hentry","entry"],"yoast_head":"<!-- This site is optimized with the Yoast SEO plugin v18.8 - https:\/\/yoast.com\/wordpress\/plugins\/seo\/ -->\n<title>Kekseli\u00e4\u00e4n Ketun tarina - Kettu.net<\/title>\n<meta name=\"robots\" content=\"noindex, follow, max-snippet:-1, max-image-preview:large, max-video-preview:-1\" \/>\n<meta property=\"og:locale\" content=\"en_US\" \/>\n<meta property=\"og:type\" content=\"article\" \/>\n<meta property=\"og:title\" content=\"Kekseli\u00e4\u00e4n Ketun tarina - Kettu.net\" \/>\n<meta property=\"og:description\" content=\"Kekseli\u00e4\u00e4n Ketun tarina Mist\u00e4 ihmeest\u00e4 firmalle nimi? Se oli polttava kysymys loppukes\u00e4st\u00e4 2003, kun oli pakko perustaa firma. Nimenomaan pakko, sill\u00e4 syyskuun alusta tuona vuonna tulivat vapaaseen jakoon internetin suomalaiset fi-tunnukset, mutta ainoastaan yrityksille. N\u00e4ihin elektronisiin arpajaisiin oli vahva halu osallistua ja siksi oli \u201dpakko\u201d perustaa firma. Toki ajatus oli muutenkin ollut jo pitk\u00e4\u00e4n mieless\u00e4,&hellip; Continue reading Kekseli\u00e4\u00e4n Ketun tarina\" \/>\n<meta property=\"og:url\" content=\"https:\/\/messut.net\/kettu\/kekseliaan-ketun-tarina\/\" \/>\n<meta property=\"og:site_name\" content=\"Kettu.net\" \/>\n<meta property=\"article:modified_time\" content=\"2022-03-16T20:05:35+00:00\" \/>\n<meta property=\"og:image\" content=\"https:\/\/booktori.fi\/kettu\/wp-content\/uploads\/2022\/02\/IMG_1834-400x.jpg\" \/>\n<meta name=\"twitter:card\" content=\"summary_large_image\" \/>\n<meta name=\"twitter:label1\" content=\"Est. reading time\" \/>\n\t<meta name=\"twitter:data1\" content=\"4 minutes\" \/>\n<script type=\"application\/ld+json\" class=\"yoast-schema-graph\">{\"@context\":\"https:\/\/schema.org\",\"@graph\":[{\"@type\":\"WebSite\",\"@id\":\"https:\/\/messut.net\/kettu\/#website\",\"url\":\"https:\/\/messut.net\/kettu\/\",\"name\":\"Kettu.net\",\"description\":\"\",\"potentialAction\":[{\"@type\":\"SearchAction\",\"target\":{\"@type\":\"EntryPoint\",\"urlTemplate\":\"https:\/\/messut.net\/kettu\/?s={search_term_string}\"},\"query-input\":\"required name=search_term_string\"}],\"inLanguage\":\"en-US\"},{\"@type\":\"ImageObject\",\"inLanguage\":\"en-US\",\"@id\":\"https:\/\/messut.net\/kettu\/kekseliaan-ketun-tarina\/#primaryimage\",\"url\":\"https:\/\/booktori.fi\/kettu\/wp-content\/uploads\/2022\/02\/IMG_1834-400x.jpg\",\"contentUrl\":\"https:\/\/booktori.fi\/kettu\/wp-content\/uploads\/2022\/02\/IMG_1834-400x.jpg\"},{\"@type\":\"WebPage\",\"@id\":\"https:\/\/messut.net\/kettu\/kekseliaan-ketun-tarina\/#webpage\",\"url\":\"https:\/\/messut.net\/kettu\/kekseliaan-ketun-tarina\/\",\"name\":\"Kekseli\u00e4\u00e4n Ketun tarina - Kettu.net\",\"isPartOf\":{\"@id\":\"https:\/\/messut.net\/kettu\/#website\"},\"primaryImageOfPage\":{\"@id\":\"https:\/\/messut.net\/kettu\/kekseliaan-ketun-tarina\/#primaryimage\"},\"datePublished\":\"2022-02-18T11:36:35+00:00\",\"dateModified\":\"2022-03-16T20:05:35+00:00\",\"breadcrumb\":{\"@id\":\"https:\/\/messut.net\/kettu\/kekseliaan-ketun-tarina\/#breadcrumb\"},\"inLanguage\":\"en-US\",\"potentialAction\":[{\"@type\":\"ReadAction\",\"target\":[\"https:\/\/messut.net\/kettu\/kekseliaan-ketun-tarina\/\"]}]},{\"@type\":\"BreadcrumbList\",\"@id\":\"https:\/\/messut.net\/kettu\/kekseliaan-ketun-tarina\/#breadcrumb\",\"itemListElement\":[{\"@type\":\"ListItem\",\"position\":1,\"name\":\"Home\",\"item\":\"https:\/\/messut.net\/kettu\/\"},{\"@type\":\"ListItem\",\"position\":2,\"name\":\"Kekseli\u00e4\u00e4n Ketun tarina\"}]}]}<\/script>\n<!-- \/ Yoast SEO plugin. -->","yoast_head_json":{"title":"Kekseli\u00e4\u00e4n Ketun tarina - Kettu.net","robots":{"index":"noindex","follow":"follow","max-snippet":"max-snippet:-1","max-image-preview":"max-image-preview:large","max-video-preview":"max-video-preview:-1"},"og_locale":"en_US","og_type":"article","og_title":"Kekseli\u00e4\u00e4n Ketun tarina - Kettu.net","og_description":"Kekseli\u00e4\u00e4n Ketun tarina Mist\u00e4 ihmeest\u00e4 firmalle nimi? Se oli polttava kysymys loppukes\u00e4st\u00e4 2003, kun oli pakko perustaa firma. Nimenomaan pakko, sill\u00e4 syyskuun alusta tuona vuonna tulivat vapaaseen jakoon internetin suomalaiset fi-tunnukset, mutta ainoastaan yrityksille. N\u00e4ihin elektronisiin arpajaisiin oli vahva halu osallistua ja siksi oli \u201dpakko\u201d perustaa firma. Toki ajatus oli muutenkin ollut jo pitk\u00e4\u00e4n mieless\u00e4,&hellip; Continue reading Kekseli\u00e4\u00e4n Ketun tarina","og_url":"https:\/\/messut.net\/kettu\/kekseliaan-ketun-tarina\/","og_site_name":"Kettu.net","article_modified_time":"2022-03-16T20:05:35+00:00","og_image":[{"url":"https:\/\/booktori.fi\/kettu\/wp-content\/uploads\/2022\/02\/IMG_1834-400x.jpg"}],"twitter_card":"summary_large_image","twitter_misc":{"Est. reading time":"4 minutes"},"schema":{"@context":"https:\/\/schema.org","@graph":[{"@type":"WebSite","@id":"https:\/\/messut.net\/kettu\/#website","url":"https:\/\/messut.net\/kettu\/","name":"Kettu.net","description":"","potentialAction":[{"@type":"SearchAction","target":{"@type":"EntryPoint","urlTemplate":"https:\/\/messut.net\/kettu\/?s={search_term_string}"},"query-input":"required name=search_term_string"}],"inLanguage":"en-US"},{"@type":"ImageObject","inLanguage":"en-US","@id":"https:\/\/messut.net\/kettu\/kekseliaan-ketun-tarina\/#primaryimage","url":"https:\/\/booktori.fi\/kettu\/wp-content\/uploads\/2022\/02\/IMG_1834-400x.jpg","contentUrl":"https:\/\/booktori.fi\/kettu\/wp-content\/uploads\/2022\/02\/IMG_1834-400x.jpg"},{"@type":"WebPage","@id":"https:\/\/messut.net\/kettu\/kekseliaan-ketun-tarina\/#webpage","url":"https:\/\/messut.net\/kettu\/kekseliaan-ketun-tarina\/","name":"Kekseli\u00e4\u00e4n Ketun tarina - Kettu.net","isPartOf":{"@id":"https:\/\/messut.net\/kettu\/#website"},"primaryImageOfPage":{"@id":"https:\/\/messut.net\/kettu\/kekseliaan-ketun-tarina\/#primaryimage"},"datePublished":"2022-02-18T11:36:35+00:00","dateModified":"2022-03-16T20:05:35+00:00","breadcrumb":{"@id":"https:\/\/messut.net\/kettu\/kekseliaan-ketun-tarina\/#breadcrumb"},"inLanguage":"en-US","potentialAction":[{"@type":"ReadAction","target":["https:\/\/messut.net\/kettu\/kekseliaan-ketun-tarina\/"]}]},{"@type":"BreadcrumbList","@id":"https:\/\/messut.net\/kettu\/kekseliaan-ketun-tarina\/#breadcrumb","itemListElement":[{"@type":"ListItem","position":1,"name":"Home","item":"https:\/\/messut.net\/kettu\/"},{"@type":"ListItem","position":2,"name":"Kekseli\u00e4\u00e4n Ketun tarina"}]}]}},"_links":{"self":[{"href":"https:\/\/messut.net\/kettu\/wp-json\/wp\/v2\/pages\/7124","targetHints":{"allow":["GET"]}}],"collection":[{"href":"https:\/\/messut.net\/kettu\/wp-json\/wp\/v2\/pages"}],"about":[{"href":"https:\/\/messut.net\/kettu\/wp-json\/wp\/v2\/types\/page"}],"author":[{"embeddable":true,"href":"https:\/\/messut.net\/kettu\/wp-json\/wp\/v2\/users\/1"}],"replies":[{"embeddable":true,"href":"https:\/\/messut.net\/kettu\/wp-json\/wp\/v2\/comments?post=7124"}],"version-history":[{"count":34,"href":"https:\/\/messut.net\/kettu\/wp-json\/wp\/v2\/pages\/7124\/revisions"}],"predecessor-version":[{"id":7390,"href":"https:\/\/messut.net\/kettu\/wp-json\/wp\/v2\/pages\/7124\/revisions\/7390"}],"wp:attachment":[{"href":"https:\/\/messut.net\/kettu\/wp-json\/wp\/v2\/media?parent=7124"}],"curies":[{"name":"wp","href":"https:\/\/api.w.org\/{rel}","templated":true}]}}